{"id":10,"date":"2018-05-12T20:18:49","date_gmt":"2018-05-12T20:18:49","guid":{"rendered":"http:\/\/medicalcard.solutions\/fr\/?page_id=10"},"modified":"2020-09-14T05:07:31","modified_gmt":"2020-09-14T05:07:31","slug":"about","status":"publish","type":"page","link":"https:\/\/medicalcard.solutions\/fr\/about\/","title":{"rendered":"about"},"content":{"rendered":"\t\t<div data-elementor-type=\"post\" data-elementor-id=\"10\" class=\"elementor elementor-10\" data-elementor-settings=\"[]\">\n\t\t\t<div class=\"elementor-inner\">\n\t\t\t\t<div class=\"elementor-section-wrap\">\n\t\t\t\t\t\t\t<section class=\"elementor-element elementor-element-cf2b2cc elementor-section-boxed elementor-section-height-default elementor-section-height-default elementor-section elementor-top-section\" data-id=\"cf2b2cc\" data-element_type=\"section\">\n\t\t\t\t\t\t<div class=\"elementor-container elementor-column-gap-default\">\n\t\t\t\t<div class=\"elementor-row\">\n\t\t\t\t<div class=\"elementor-element elementor-element-f099874 elementor-column elementor-col-100 elementor-top-column\" data-id=\"f099874\" data-element_type=\"column\">\n\t\t\t<div class=\"elementor-column-wrap  elementor-element-populated\">\n\t\t\t\t\t<div class=\"elementor-widget-wrap\">\n\t\t\t\t<div class=\"elementor-element elementor-element-b90c19b elementor-widget elementor-widget-image\" data-id=\"b90c19b\" data-element_type=\"widget\" data-widget_type=\"image.default\">\n\t\t\t\t<div class=\"elementor-widget-container\">\n\t\t\t\t\t<div class=\"elementor-image\">\n\t\t\t\t\t\t\t<figure class=\"wp-caption\">\n\t\t\t\t\t\t\t\t\t\t<img decoding=\"async\" src=\"https:\/\/medicalcard.solutions\/fr\/wp-content\/uploads\/2020\/09\/67923582_117490662916534_4868138300923183104_n.jpg\" title=\"67923582_117490662916534_4868138300923183104_n\" alt=\"Laboratoires Exact : partenaires de la 1ere heure au Cameroun\" \/>\t\t\t\t\t\t\t\t\t\t\t<figcaption class=\"widget-image-caption wp-caption-text\">Des professionnels qui ensemble concoivent le systeme de sant\u00e9 de demain<\/figcaption>\n\t\t\t\t\t\t\t\t\t\t<\/figure>\n\t\t\t\t\t<\/div>\n\t\t\t\t<\/div>\n\t\t\t\t<\/div>\n\t\t\t\t\t\t<\/div>\n\t\t\t<\/div>\n\t\t<\/div>\n\t\t\t\t\t\t<\/div>\n\t\t\t<\/div>\n\t\t<\/section>\n\t\t\t\t<section class=\"elementor-element elementor-element-5158ad53 elementor-section-boxed elementor-section-height-default elementor-section-height-default elementor-section elementor-top-section\" data-id=\"5158ad53\" data-element_type=\"section\">\n\t\t\t\t\t\t<div class=\"elementor-container elementor-column-gap-default\">\n\t\t\t\t<div class=\"elementor-row\">\n\t\t\t\t<div class=\"elementor-element elementor-element-4ff1395a elementor-column elementor-col-100 elementor-top-column\" data-id=\"4ff1395a\" data-element_type=\"column\">\n\t\t\t<div class=\"elementor-column-wrap  elementor-element-populated\">\n\t\t\t\t\t<div class=\"elementor-widget-wrap\">\n\t\t\t\t<div class=\"elementor-element elementor-element-5370c7ba elementor-widget elementor-widget-text-editor\" data-id=\"5370c7ba\" data-element_type=\"widget\" data-widget_type=\"text-editor.default\">\n\t\t\t\t<div class=\"elementor-widget-container\">\n\t\t\t\t\t<div class=\"elementor-text-editor elementor-clearfix\"><h3 style=\"color: #985f0d;\">1. Le syteme de sant\u00e9 de demain est disponible d\u00e8s aujourd&rsquo;hui<\/h3><p>La MedicalCard (carte de sant\u00e9 de nouvelle g\u00e9n\u00e9ration) est l\u2019un des produits phares du GIE SISC, commercialis\u00e9s sur la plateforme<br \/><a href=\"https:\/\/www.transacpay.com\">www.transacpay.com<\/a><\/p><p>Cette carte a trois fonctions principales :<\/p><ul><li style=\"list-style-type: none;\"><ul><li style=\"color: #265a88;\">Votre dossier m\u00e9dico-pharmaceutique en ligne disponible 24h24 7\/7<\/li><\/ul><\/li><\/ul><p>Pour un meilleur suivi m\u00e9dical. En Afrique en g\u00e9n\u00e9ral et au Cameroun en particulier, nous avons l\u2019habitude d\u2019aller consulter un autre m\u00e9decin d\u00e8s que le traitement prescrit par le pr\u00e9c\u00e9dent ne donne pas tr\u00e8s rapidement satisfaction.<br \/>Le nouveau m\u00e9decin que l\u2019on consulte n\u2019a souvent aucune visibilit\u00e9 sur les diagnostics et\/ou les traitements prescrits par son pr\u00e9d\u00e9cesseur.<br \/>D\u00e9sormais avec la MedicalCard, tout professionnel appartenant \u00e0 notre \u00e9cosyst\u00e8me et donc acceptant la MedicalCard devra au pr\u00e9alable, avec votre permission, prendre connaissance vos ant\u00e9c\u00e9dents m\u00e9dicaux. Le dossier m\u00e9dical contient les informations vitales, les ant\u00e9c\u00e9dents, les allergies connues, les vaccins\u2026<\/p><ul><li style=\"list-style-type: none;\"><ul><li style=\"color: #265a88;\">Vos informations d\u2019urgence \u00e0 port\u00e9e de mains<\/li><\/ul><\/li><\/ul><p>Ayons le courage de l\u2019affirmer : Beaucoup de nos parents arriv\u00e9s dans les h\u00f4pitaux en urgence, meurent le plus souvent par ignorance de l\u2019\u00e9quipe m\u00e9dicale qui les prend en charge.<br \/>Citons le cas le plus usuel : un malade diab\u00e9tique qui re\u00e7oit une perfusion.<br \/>D\u00e9sormais avec la MedicalCard, vos informations d\u2019urgence sont stock\u00e9es dans le Qrcode au verso de votre carte.<br \/><img decoding=\"async\" style=\"text-align: left;\" src=\"qr_code.png\" alt=\"QR code\" \/> Le scan du Qrcode renvoie \u00e0 un lien permettant d\u2019avoir toutes les informations urgentes du porteur (Identit\u00e9, groupe sanguin,<br \/><strong> personne \u00e0 contacter d\u2019urgence <\/strong> maladies fr\u00e9quentes, etc\u2026)<br \/>Lien de t\u00e9l\u00e9chargement(Android) : <a href=\"https:\/\/play.google.com\/store\/apps\/details?id=mes.scan.android.client\" target=\"_blank\" rel=\"noopener\">https:\/\/play.google.com\/store\/apps\/details?id=mes.scan.android.client<\/a><\/p><ul><li style=\"list-style-type: none;\"><ul><li style=\"color: #265a88;\">Une \u00e9pargne sant\u00e9 et un outil de solidarit\u00e9<\/li><\/ul><\/li><\/ul><p>N\u2019attendez plus d\u2019\u00eatre malade pour essayer de constituer votre capital sant\u00e9.<br \/>Le porteur de MedicalCard peut mettre de l\u2019argent sur sa carte progressivement, et \u00e0 son rythme par d\u00e9p\u00f4ts d\u2019esp\u00e8ces, virements, par mobile money ; ce qui lui permet de n\u2019\u00eatre pas surpris en temps de crise.<br \/>De l\u2019ext\u00e9rieur, toute personne peut mettre de l\u2019argent sur votre MedicalCard par CB 3D ou PAYPAL. M\u00eame les personnes ayant d\u00e9j\u00e0 un contrat d\u2019assurance, int\u00e9r\u00eat \u00e0 provisionner une r\u00e9serve pour s\u2019acquitter de leur ticket mod\u00e9rateur.<br \/>L\u2019argent cr\u00e9dit\u00e9 ne peut \u00eatre utilis\u00e9 que dans les centres de soins (h\u00f4pitaux, cliniques, pharmacies, laboratoires, centres d\u2019imageries m\u00e9dicales, etc\u2026). En cas de d\u00e9c\u00e8s, le solde de la carte peut \u00eatre transf\u00e9r\u00e9 dans celle d\u2019un ayant droit.<\/p><h4 style=\"color: #985f0d;\">2. L\u2019environnement de la MedicalCard<\/h4><p><strong>2.1 Les offres du GIE SISC<\/strong><\/p><p>La MedicalCard et les services associ\u00e9s \u00e0 ces cartes sont produits exclusivement par le Groupement d\u2019Int\u00e9r\u00eat Economique SISC.<br \/>Cette structure europ\u00e9enne est d\u00e9positaire des marques et logos TransacPay, medicalcard, MasterShoppingCard, TPWeb, TPMed. Elle c\u00e8de pour une dur\u00e9e limit\u00e9e mais renouvelable les droits d\u2019utilisation de ses images, de ses produits et de sa technologie.<br \/>Le GIE SISC est un \u00e9diteur sp\u00e9cialis\u00e9 dans les paiements s\u00e9curis\u00e9s en ligne et sur mobile (Online &amp; Mobile Payment). Son c\u0153ur de m\u00e9tier couvre la conception, le d\u00e9veloppement, la gestion et la distribution des produits et services pr\u00e9pay\u00e9es combinant l\u2019Internet, les T\u00e9l\u00e9com et les cartes de paiement internationales.<br \/>Il a con\u00e7u les produits ShoppingCard, MasterShoppingCard, MedicalCard, ShoppingCard e-Commerce et TPWeb,<\/p><p>Le groupement est compos\u00e9 de trois partenaires ; co\u00e9diteurs :<\/p><ol><li>La SAS I.P.E. entreprise fran\u00e7aise situ\u00e9e \u00e0 CERGY (France)<\/li><li>La SAS SILIKI situ\u00e9e \u00e0 Nanterre (France)<\/li><li>L\u2019EURL SUNCOM COCOTIERS situ\u00e9e \u00e0 Libreville au Gabon<\/li><\/ol><p><strong>2.2 La commercialisation de la MedicalCard au Cameroun<\/strong><\/p><p>La MedicalCard est distribu\u00e9e (pays pilote), par la SARL MedicalCard Solutions<br \/>SARL au capital de 4 200 000 FCFA sise \u00e0 Douala Akwa Nord (Cameroun)<br \/>Contact : support@transacpay.com site web : www.medicalcard.solutions\/fr<br \/>Service SAV : + 237 673 646 493 \/ + 33 7 83 25 79 89<\/p><h4 style=\"color: #985f0d;\">3. La protection des donn\u00e9es personnelles<\/h4><p>Les informations m\u00e9dicales sont des informations sensibles qui ne devraient jamais \u00eatre divulgu\u00e9es sans le consentement du porteur de la carte.<br \/>La MedicalCard a \u00e9t\u00e9 con\u00e7ue d\u00e8s sa gen\u00e8se avec l\u2019id\u00e9e que le d\u00e9tenteur de la carte est le propri\u00e9taire de son information.<br \/>Pas l\u2019Etat, ni un ordre m\u00e9dical, ni m\u00eame un m\u00e9decin traitant. Le porteur de MedicalCard est donc le seul \u00e0 donner un acc\u00e8s \u00e0 ses informations.<br \/>Par ailleurs la MedicalCard permet de recevoir de l\u2019argent, de le transf\u00e9rer et de payer des professionnels de sant\u00e9.<br \/>Pour la protection des donn\u00e9es et de sa valeur mon\u00e9taire, chaque carte est \u00e9minemment personnelle.<br \/>L\u2019acc\u00e8s \u00e0 la carte n\u2019est possible qu\u2019apr\u00e8s la saisie d\u2019un login et d\u2019un mot de passe. Les donn\u00e9es en base sont crypt\u00e9es, tout comme les communications.<br \/>Beaucoup d\u2019op\u00e9rations sont prot\u00e9g\u00e9es en sus par l\u2019envoi d\u2019un SMS contenant un code \u00e0 usage unique.<br \/>Le t\u00e9l\u00e9phone mobile du porteur identifie le porteur quel que soit son op\u00e9rateur et fait donc partie de la s\u00e9curit\u00e9 du syst\u00e8me.<\/p><h4 style=\"color: #985f0d;\">4. L\u2019\u00e9cosyst\u00e8me de la MedicalCard<\/h4><p>Il est b\u00e2ti sur un rayon de deux, puis de quatre ou cinq kilom\u00e8tres, autour des partenaires financiers d\u2019ECOBANK, EXPRESS UNION et points relais cybercaf\u00e9,<br \/>call-box, etc\u2026<br \/>Ce r\u00e9seau aura pour finalit\u00e9 de faciliter les services autour de la MedicalCard. Il comprendra :<\/p><p><strong>4.1 Des administrateurs<\/strong><\/p><p>Ils font partie du GIE et administrent la plateforme, effectuent les mises \u00e0 jours n\u00e9cessaires, g\u00e8rent les s\u00e9curit\u00e9s, les sauvegardes, et assurent les \u00e9volutions, et corrections de bugs&#8230;<\/p><p><strong>4.2 Le SAV \u2013 Call center<\/strong><\/p><p>Assure le suivi des clients et franchis\u00e9s.<br \/>Il g\u00e8re tout probl\u00e8me li\u00e9 \u00e0 l\u2019utilisation de l\u2019un de nos produits ; le porteur pouvant ouvrir directement un ticket en ligne via le bouton \u00abContact\u00bb.<br \/>Suite \u00e0 l\u2019ouverture d\u2019un ticket d\u2019incident, notre service SAV doit contacter le client sous 24h pour des incidents mineures ou 48h au maximum.<\/p><p><strong>4.3 Les franchis\u00e9s<\/strong><\/p><p>Ce sont les responsables nationaux du programme MedicalCard. Ce sont les responsables financiers op\u00e9rationnels et marketing pour un pays donn\u00e9.<br \/>Ils contractent avec le GIE SISC, puis ils montent un r\u00e9seau de distribution, signent des partenariats pour la diffusion du produit.<br \/>Le plus important de ces partenariat est sign\u00e9 avec une banque ou une Etablissement de Monnaie Electronique. Sans un tel partenariat, le Franchis\u00e9 devra justifier d\u2019agr\u00e9ments gouvernementaux autorisant son activit\u00e9.<br \/>En contre-partie de ces efforts, les franchis\u00e9s per\u00e7oivent une grande partie des revenus de l\u2019activit\u00e9.<\/p><p><strong>4.4 Les partenaires financiers<\/strong><\/p><p>Ce sont les Banques &amp; Etablissements de Microfinance E.M.F).<br \/>L\u2019\u00e9mission de monnaie \u00e9lectronique est r\u00e9gul\u00e9e par des textes.<br \/>Concr\u00e8tement ils seront les h\u00f4tes des comptes de fonctionnement de l\u2019activit\u00e9 (Pool Account).<br \/>Les porteurs de cartes pourront d\u00e9poser leur \u00e9pargne sant\u00e9 directement dans le r\u00e9seau de ces \u00e9tablissements partenaires.<\/p><p><strong>4.5 Les partenaires professionnels de sant\u00e9<\/strong><\/p><p>Ce sont des professionnels de la sant\u00e9 reconnus et ayant des agr\u00e9ments (pharmaciens, opticiens, radiologues, dentistes, m\u00e9decins, chirurgiens, laboratoires\u2026) du priv\u00e9 comme du public, qui acceptent la MedicalCard.<br \/>Cela signifie que les porteurs de cartes peuvent leur donner l\u2019autorisation d\u2019acc\u00e9der \u00e0 leur dossier m\u00e9dico-pharmaceutique, et que ceux-ci peuvent lire et \u00e9crire dans ce dossier.<br \/>Le porteur peut aussi payer ses soins avec sa MedicalCard d\u00e8s lors que son solde le permet.<\/p><p><strong>4.6 Les partenaires revendeurs<\/strong><\/p><p>Le r\u00e9seau de la banque partenaire et le r\u00e9seau du franchis\u00e9 ne sont pas souvent suffisant pour couvrir tout le territoire et offrir de la proximit\u00e9.<br \/>A l\u2019instar des op\u00e9rateurs des t\u00e9l\u00e9coms qui ont \u00e9tendu leur r\u00e9seau aupr\u00e8s de commer\u00e7ants, le franchis\u00e9 pourra s\u2019appuyer \u00e0 sa convenance sur des petits commer\u00e7ants qui pourront fournir une partie du service comme :<\/p><p>Enregistrer des utilisateurs<\/p><p>Vendre des MedicalCard<\/p><p>Vendre des tickets recharges<\/p><p>R\u00e9aliser des d\u00e9p\u00f4ts et des recharges<\/p><p>Scanner et uploader des documents,<\/p><p>etc\u2026<\/p><h4 style=\"color: #985f0d;\">5. Les fonctions de base<\/h4><p><strong>5.1 Les Porteurs des MedicalCard<\/strong><\/p><ul><li>S\u2019enregistrer sur transacPay<\/li><li>Commander une MedicalCard<\/li><li>Activer sa MedicalCard<\/li><li>Renseigner ses informations en ligne y compris les informations de sant\u00e9<\/li><li>Uploader ses radios, analyses, ordonnances, etc\u2026<\/li><li>Recharger sa MedicalCard par un des moyens disponibles (especes, virement, tickets recharge, mobile money\u2026)<\/li><li>Transf\u00e9rer de l\u2019argent de leur MedicalCard vers la MedicalCard d\u2019autres utilisateurs<\/li><li>Consulter son Solde et ses mouvements en Euro et en FCFA<\/li><li>Imprimer les mouvements et les informations de leur MedicalCard<\/li><li>Payer un professionnel de sant\u00e9<br \/>&#8211; Collecter stocker des infos de sant\u00e9 venant des professionnels de sant\u00e9<\/li><li>B\u00e9n\u00e9ficier de conseils adapt\u00e9s \u00e0 leur profil&#8230;<\/li><\/ul><p><strong>5.2 Les Partenaires commerciaux d\u00e9tenteurs d\u2019une MasterShoppingCard<\/strong><\/p><ul><li>S\u2019enregistrer sur transacpay, acheter &amp; activer leur MasterShoppingCard<\/li><li>Renseigner leurs informations en ligne<\/li><li>Approvisionner leur compte wallet ou leur MasterShoppingCard aupr\u00e8s des administrateurs et partenaires financiers<\/li><li>D\u00e9biter son compte wallet ou sa MasterShoppingcard contre des esp\u00e8ces ou un virement<\/li><li>Recharger les MedicalCard depuis leur espace de gestion ou leur MasterShoppingCard<\/li><li>Consulter le solde et les mouvements sur leur MasterShoppingCard ou leur compte wallet<\/li><li>Imprimer les mouvements de leur MasterShoppingCard ou de leur compte wallet<\/li><\/ul><p><strong>5.3 Les Partenaires professionnels de sant\u00e9<\/strong><\/p><ul><li>Accepter la MedicalCard comme moyen de paiement<br \/><strong>(avec le TPE mobile TPWeb)<\/strong>. &#8211; Pour information : Les commer\u00e7ants classiques ne peuvent pas accepter la MedicalCard comme moyen de paiement<\/li><li>Lire le dossier m\u00e9dical des patients<\/li><li>Modifier le dossier m\u00e9dical des patients en y mentionnant les actes m\u00e9dicaux, les ordonnances, les radios \u00e0 effectuer, etc\u2026<\/li><\/ul><p><strong>5.4 Les Partenaires financiers (banques et E.M.F.)<\/strong><\/p><ul><li>Conserver et garantir les fonds d\u00e9pos\u00e9s par les acteurs de l\u2019\u00e9cosyst\u00e8me<\/li><li>Consulter le solde et les mouvements de leur compte EMF<\/li><li>Imprimer les mouvements de leur compte EMF<\/li><li>Eventuellement recharger les MasterShoppingCard et les MedicalCard depuis l\u2019espace d\u00e9di\u00e9 transacPay pour les Banques et EMF<\/li><li>Eventuellement effectuer des retraits sur compte wallet ou sur MasterShoppinCard depuis l\u2019espace d\u00e9di\u00e9, contre especes ou virement<\/li><li>Eventuellement Consulter le solde et les mouvements d\u2019une MasterShoppingCard et d\u2019une ShoppingCard<\/li><li>Eventuellement Imprimer les mouvements d\u2019une MasterShoppingCard et d\u2019une ShoppingCard<\/li><\/ul><p><strong>5.5 Les administrateurs du syst\u00e8me<\/strong><\/p><ul><li>Cr\u00e9er un partenaire financier (de type Banque &amp; EMF)<\/li><li>Cr\u00e9er un professionnel de sant\u00e9 (MasterShoppingCard )<\/li><li>D\u00e9sactiver et r\u00e9activer un partenaire financier.<\/li><li>D\u00e9sactiver et r\u00e9activer une MasterShoppingCard ou une MedicalCard<\/li><li>Modifier des donn\u00e9es sensibles<\/li><li>Cl\u00f4turer des contrats<\/li><li>Calculer les gains des parties prenantes et notamment du Franchis\u00e9<\/li><li>Consulter et imprimer le solde et les mouvements d\u2019un espace d\u00e9di\u00e9 EMF<\/li><li>Corriger une transaction<\/li><\/ul><\/div>\n\t\t\t\t<\/div>\n\t\t\t\t<\/div>\n\t\t\t\t\t\t<\/div>\n\t\t\t<\/div>\n\t\t<\/div>\n\t\t\t\t\t\t<\/div>\n\t\t\t<\/div>\n\t\t<\/section>\n\t\t\t\t\t\t<\/div>\n\t\t\t<\/div>\n\t\t<\/div>\n\t\t","protected":false},"excerpt":{"rendered":"<p>Des professionnels qui ensemble concoivent le systeme de sant\u00e9 de demain 1. Le syteme de sant\u00e9 de demain est disponible d\u00e8s aujourd&rsquo;hui La MedicalCard (carte de sant\u00e9 de nouvelle g\u00e9n\u00e9ration) est l\u2019un des produits phares du GIE SISC, commercialis\u00e9s sur la plateformewww.transacpay.com Cette carte a trois fonctions principales : Votre dossier m\u00e9dico-pharmaceutique en ligne disponible [&hellip;]<\/p>\n","protected":false},"author":1,"featured_media":0,"parent":0,"menu_order":0,"comment_status":"closed","ping_status":"closed","template":"","meta":{"footnotes":""},"class_list":["post-10","page","type-page","status-publish","hentry","entry"],"_links":{"self":[{"href":"https:\/\/medicalcard.solutions\/fr\/wp-json\/wp\/v2\/pages\/10","targetHints":{"allow":["GET"]}}],"collection":[{"href":"https:\/\/medicalcard.solutions\/fr\/wp-json\/wp\/v2\/pages"}],"about":[{"href":"https:\/\/medicalcard.solutions\/fr\/wp-json\/wp\/v2\/types\/page"}],"author":[{"embeddable":true,"href":"https:\/\/medicalcard.solutions\/fr\/wp-json\/wp\/v2\/users\/1"}],"replies":[{"embeddable":true,"href":"https:\/\/medicalcard.solutions\/fr\/wp-json\/wp\/v2\/comments?post=10"}],"version-history":[{"count":9,"href":"https:\/\/medicalcard.solutions\/fr\/wp-json\/wp\/v2\/pages\/10\/revisions"}],"predecessor-version":[{"id":306,"href":"https:\/\/medicalcard.solutions\/fr\/wp-json\/wp\/v2\/pages\/10\/revisions\/306"}],"wp:attachment":[{"href":"https:\/\/medicalcard.solutions\/fr\/wp-json\/wp\/v2\/media?parent=10"}],"curies":[{"name":"wp","href":"https:\/\/api.w.org\/{rel}","templated":true}]}}